{"id":1169,"date":"2020-09-01T20:46:59","date_gmt":"2020-09-01T20:46:59","guid":{"rendered":"http:\/\/escuelaintegral.uy\/?page_id=1169"},"modified":"2020-09-29T17:13:57","modified_gmt":"2020-09-29T17:13:57","slug":"administracion","status":"publish","type":"page","link":"https:\/\/escuelaintegral.uy\/?page_id=1169","title":{"rendered":"Administraci\u00f3n"},"content":{"rendered":"\t\t<div data-elementor-type=\"wp-page\" data-elementor-id=\"1169\" class=\"elementor elementor-1169\">\n\t\t\t\t\t\t\t\t\t<section class=\"elementor-section elementor-top-section elementor-element elementor-element-8d1f5ba elementor-section-height-min-height elementor-section-boxed elementor-section-height-default elementor-section-items-middle\" data-id=\"8d1f5ba\" data-element_type=\"section\" data-settings=\"{&quot;background_background&quot;:&quot;classic&quot;}\">\n\t\t\t\t\t\t\t<div class=\"elementor-background-overlay\"><\/div>\n\t\t\t\t\t\t\t<div class=\"elementor-container elementor-column-gap-default\">\n\t\t\t\t\t<div class=\"elementor-column elementor-col-100 elementor-top-column elementor-element elementor-element-09b65c5\" data-id=\"09b65c5\" data-element_type=\"column\">\n\t\t\t<div class=\"elementor-widget-wrap elementor-element-populated\">\n\t\t\t\t\t\t\t\t<div class=\"elementor-element elementor-element-2283a47 elementor-align-left elementor-widget elementor-widget-raven-heading\" data-id=\"2283a47\" data-element_type=\"widget\" data-widget_type=\"raven-heading.default\">\n\t\t\t\t<div class=\"elementor-widget-container\">\n\t\t\t\t\t<div class=\"raven-widget-wrapper\"><h1 class=\"raven-heading raven-heading-h1\"><span class=\"raven-heading-title \">Administraci\u00f3n<\/span><\/h1><\/div>\n\t\t\t\t<\/div>\n\t\t\t\t<\/div>\n\t\t\t\t\t<\/div>\n\t\t<\/div>\n\t\t\t\t\t\t\t<\/div>\n\t\t<\/section>\n\t\t\t\t<section class=\"elementor-section elementor-top-section elementor-element elementor-element-cdaf405 elementor-section-boxed elementor-section-height-default elementor-section-height-default\" data-id=\"cdaf405\" data-element_type=\"section\">\n\t\t\t\t\t\t<div class=\"elementor-container elementor-column-gap-default\">\n\t\t\t\t\t<div class=\"elementor-column elementor-col-100 elementor-top-column elementor-element elementor-element-0c9dceb\" data-id=\"0c9dceb\" data-element_type=\"column\">\n\t\t\t<div class=\"elementor-widget-wrap elementor-element-populated\">\n\t\t\t\t\t\t\t\t<div class=\"elementor-element elementor-element-dbfd557 elementor-widget elementor-widget-spacer\" data-id=\"dbfd557\" data-element_type=\"widget\" data-widget_type=\"spacer.default\">\n\t\t\t\t<div class=\"elementor-widget-container\">\n\t\t\t\t\t<div class=\"elementor-spacer\">\n\t\t\t<div class=\"elementor-spacer-inner\"><\/div>\n\t\t<\/div>\n\t\t\t\t<\/div>\n\t\t\t\t<\/div>\n\t\t\t\t<div class=\"elementor-element elementor-element-2fa6e43 elementor-widget elementor-widget-image\" data-id=\"2fa6e43\" data-element_type=\"widget\" data-widget_type=\"image.default\">\n\t\t\t\t<div class=\"elementor-widget-container\">\n\t\t\t\t\t\t\t\t\t\t\t\t\t\t\t<img fetchpriority=\"high\" decoding=\"async\" width=\"712\" height=\"92\" src=\"https:\/\/escuelaintegral.uy\/wp-content\/uploads\/2020\/09\/matricula-extranjeros-1.gif\" class=\"attachment-large size-large wp-image-1719\" alt=\"\" \/>\t\t\t\t\t\t\t\t\t\t\t\t\t\t\t<\/div>\n\t\t\t\t<\/div>\n\t\t\t\t<div class=\"elementor-element elementor-element-6d704d8 elementor-widget elementor-widget-spacer\" data-id=\"6d704d8\" data-element_type=\"widget\" data-widget_type=\"spacer.default\">\n\t\t\t\t<div class=\"elementor-widget-container\">\n\t\t\t\t\t<div class=\"elementor-spacer\">\n\t\t\t<div class=\"elementor-spacer-inner\"><\/div>\n\t\t<\/div>\n\t\t\t\t<\/div>\n\t\t\t\t<\/div>\n\t\t\t\t<div class=\"elementor-element elementor-element-d28584d elementor-widget elementor-widget-text-editor\" data-id=\"d28584d\" data-element_type=\"widget\" data-widget_type=\"text-editor.default\">\n\t\t\t\t<div class=\"elementor-widget-container\">\n\t\t\t\t\t\t\t<p><br \/>El pago de las escolaridades se abonan a trav\u00e9s de las siguientes entidades:<\/p>\t\t\t\t\t\t<\/div>\n\t\t\t\t<\/div>\n\t\t\t\t\t<\/div>\n\t\t<\/div>\n\t\t\t\t\t\t\t<\/div>\n\t\t<\/section>\n\t\t\t\t<section class=\"elementor-section elementor-top-section elementor-element elementor-element-69923bc elementor-section-boxed elementor-section-height-default elementor-section-height-default\" data-id=\"69923bc\" data-element_type=\"section\">\n\t\t\t\t\t\t<div class=\"elementor-container elementor-column-gap-default\">\n\t\t\t\t\t<div class=\"elementor-column elementor-col-25 elementor-top-column elementor-element elementor-element-5c4b723\" data-id=\"5c4b723\" data-element_type=\"column\">\n\t\t\t<div class=\"elementor-widget-wrap elementor-element-populated\">\n\t\t\t\t\t\t\t\t<div class=\"elementor-element elementor-element-849dfb7 elementor-widget elementor-widget-image\" data-id=\"849dfb7\" data-element_type=\"widget\" data-widget_type=\"image.default\">\n\t\t\t\t<div class=\"elementor-widget-container\">\n\t\t\t\t\t\t\t\t\t\t\t\t\t\t\t<img decoding=\"async\" width=\"150\" height=\"150\" src=\"https:\/\/escuelaintegral.uy\/wp-content\/uploads\/2020\/09\/scotia-150x150.jpg\" class=\"attachment-thumbnail size-thumbnail wp-image-1315\" alt=\"\" srcset=\"https:\/\/escuelaintegral.uy\/wp-content\/uploads\/2020\/09\/scotia-150x150.jpg 150w, https:\/\/escuelaintegral.uy\/wp-content\/uploads\/2020\/09\/scotia.jpg 176w\" sizes=\"(max-width: 150px) 100vw, 150px\" \/>\t\t\t\t\t\t\t\t\t\t\t\t\t\t\t<\/div>\n\t\t\t\t<\/div>\n\t\t\t\t<div class=\"elementor-element elementor-element-b73db2f elementor-widget elementor-widget-text-editor\" data-id=\"b73db2f\" data-element_type=\"widget\" data-widget_type=\"text-editor.default\">\n\t\t\t\t<div class=\"elementor-widget-container\">\n\t\t\t\t\t\t\t<p style=\"text-align: center;\">SCOTIABANK<\/p>\t\t\t\t\t\t<\/div>\n\t\t\t\t<\/div>\n\t\t\t\t\t<\/div>\n\t\t<\/div>\n\t\t\t\t<div class=\"elementor-column elementor-col-25 elementor-top-column elementor-element elementor-element-3bdd938\" data-id=\"3bdd938\" data-element_type=\"column\">\n\t\t\t<div class=\"elementor-widget-wrap elementor-element-populated\">\n\t\t\t\t\t\t\t\t<div class=\"elementor-element elementor-element-8eb2e43 elementor-widget elementor-widget-image\" data-id=\"8eb2e43\" data-element_type=\"widget\" data-widget_type=\"image.default\">\n\t\t\t\t<div class=\"elementor-widget-container\">\n\t\t\t\t\t\t\t\t\t\t\t\t\t\t\t<img decoding=\"async\" width=\"150\" height=\"150\" src=\"https:\/\/escuelaintegral.uy\/wp-content\/uploads\/2020\/09\/hsbc-1-150x150.jpg\" class=\"attachment-thumbnail size-thumbnail wp-image-1316\" alt=\"\" srcset=\"https:\/\/escuelaintegral.uy\/wp-content\/uploads\/2020\/09\/hsbc-1-150x150.jpg 150w, https:\/\/escuelaintegral.uy\/wp-content\/uploads\/2020\/09\/hsbc-1.jpg 176w\" sizes=\"(max-width: 150px) 100vw, 150px\" \/>\t\t\t\t\t\t\t\t\t\t\t\t\t\t\t<\/div>\n\t\t\t\t<\/div>\n\t\t\t\t<div class=\"elementor-element elementor-element-aa25e11 elementor-widget elementor-widget-text-editor\" data-id=\"aa25e11\" data-element_type=\"widget\" data-widget_type=\"text-editor.default\">\n\t\t\t\t<div class=\"elementor-widget-container\">\n\t\t\t\t\t\t\t<p style=\"text-align: center;\"><span style=\"font-family: inherit; font-weight: var( --e-global-typography-text-font-weight );\">BANCO HSBC<\/span><\/p>\t\t\t\t\t\t<\/div>\n\t\t\t\t<\/div>\n\t\t\t\t\t<\/div>\n\t\t<\/div>\n\t\t\t\t<div class=\"elementor-column elementor-col-25 elementor-top-column elementor-element elementor-element-fea56b3\" data-id=\"fea56b3\" data-element_type=\"column\">\n\t\t\t<div class=\"elementor-widget-wrap elementor-element-populated\">\n\t\t\t\t\t\t\t\t<div class=\"elementor-element elementor-element-99fe48e elementor-widget elementor-widget-image\" data-id=\"99fe48e\" data-element_type=\"widget\" data-widget_type=\"image.default\">\n\t\t\t\t<div class=\"elementor-widget-container\">\n\t\t\t\t\t\t\t\t\t\t\t\t\t\t\t<img loading=\"lazy\" decoding=\"async\" width=\"150\" height=\"150\" src=\"https:\/\/escuelaintegral.uy\/wp-content\/uploads\/2020\/09\/itau-1-150x150.jpg\" class=\"attachment-thumbnail size-thumbnail wp-image-1317\" alt=\"\" srcset=\"https:\/\/escuelaintegral.uy\/wp-content\/uploads\/2020\/09\/itau-1-150x150.jpg 150w, https:\/\/escuelaintegral.uy\/wp-content\/uploads\/2020\/09\/itau-1.jpg 176w\" sizes=\"(max-width: 150px) 100vw, 150px\" \/>\t\t\t\t\t\t\t\t\t\t\t\t\t\t\t<\/div>\n\t\t\t\t<\/div>\n\t\t\t\t<div class=\"elementor-element elementor-element-74d8405 elementor-widget elementor-widget-text-editor\" data-id=\"74d8405\" data-element_type=\"widget\" data-widget_type=\"text-editor.default\">\n\t\t\t\t<div class=\"elementor-widget-container\">\n\t\t\t\t\t\t\t<p style=\"text-align: center;\">\u00a0BANCO ITAU<\/p>\t\t\t\t\t\t<\/div>\n\t\t\t\t<\/div>\n\t\t\t\t\t<\/div>\n\t\t<\/div>\n\t\t\t\t<div class=\"elementor-column elementor-col-25 elementor-top-column elementor-element elementor-element-35f617e\" data-id=\"35f617e\" data-element_type=\"column\">\n\t\t\t<div class=\"elementor-widget-wrap elementor-element-populated\">\n\t\t\t\t\t\t\t\t<div class=\"elementor-element elementor-element-8c5fbe2 elementor-widget elementor-widget-image\" data-id=\"8c5fbe2\" data-element_type=\"widget\" data-widget_type=\"image.default\">\n\t\t\t\t<div class=\"elementor-widget-container\">\n\t\t\t\t\t\t\t\t\t\t\t\t\t\t\t<img loading=\"lazy\" decoding=\"async\" width=\"150\" height=\"150\" src=\"https:\/\/escuelaintegral.uy\/wp-content\/uploads\/2020\/09\/bbva-1-150x150.jpg\" class=\"attachment-thumbnail size-thumbnail wp-image-1318\" alt=\"\" srcset=\"https:\/\/escuelaintegral.uy\/wp-content\/uploads\/2020\/09\/bbva-1-150x150.jpg 150w, https:\/\/escuelaintegral.uy\/wp-content\/uploads\/2020\/09\/bbva-1.jpg 176w\" sizes=\"(max-width: 150px) 100vw, 150px\" \/>\t\t\t\t\t\t\t\t\t\t\t\t\t\t\t<\/div>\n\t\t\t\t<\/div>\n\t\t\t\t<div class=\"elementor-element elementor-element-f209bfe elementor-widget elementor-widget-text-editor\" data-id=\"f209bfe\" data-element_type=\"widget\" data-widget_type=\"text-editor.default\">\n\t\t\t\t<div class=\"elementor-widget-container\">\n\t\t\t\t\t\t\t<p style=\"text-align: center;\"><span style=\"font-family: inherit; font-weight: var( --e-global-typography-text-font-weight );\">BANCO BBVA<\/span><\/p>\t\t\t\t\t\t<\/div>\n\t\t\t\t<\/div>\n\t\t\t\t\t<\/div>\n\t\t<\/div>\n\t\t\t\t\t\t\t<\/div>\n\t\t<\/section>\n\t\t\t\t<section class=\"elementor-section elementor-top-section elementor-element elementor-element-55062c9 elementor-section-boxed elementor-section-height-default elementor-section-height-default\" data-id=\"55062c9\" data-element_type=\"section\">\n\t\t\t\t\t\t<div class=\"elementor-container elementor-column-gap-default\">\n\t\t\t\t\t<div class=\"elementor-column elementor-col-100 elementor-top-column elementor-element elementor-element-fa21389\" data-id=\"fa21389\" data-element_type=\"column\">\n\t\t\t<div class=\"elementor-widget-wrap elementor-element-populated\">\n\t\t\t\t\t\t\t\t<div class=\"elementor-element elementor-element-de9f6b8 elementor-widget-divider--view-line elementor-widget elementor-widget-divider\" data-id=\"de9f6b8\" data-element_type=\"widget\" data-widget_type=\"divider.default\">\n\t\t\t\t<div class=\"elementor-widget-container\">\n\t\t\t\t\t<div class=\"elementor-divider\">\n\t\t\t<span class=\"elementor-divider-separator\">\n\t\t\t\t\t\t<\/span>\n\t\t<\/div>\n\t\t\t\t<\/div>\n\t\t\t\t<\/div>\n\t\t\t\t\t<\/div>\n\t\t<\/div>\n\t\t\t\t\t\t\t<\/div>\n\t\t<\/section>\n\t\t\t\t<section class=\"elementor-section elementor-top-section elementor-element elementor-element-56d0d62 elementor-section-boxed elementor-section-height-default elementor-section-height-default\" data-id=\"56d0d62\" data-element_type=\"section\">\n\t\t\t\t\t\t<div class=\"elementor-container elementor-column-gap-default\">\n\t\t\t\t\t<div class=\"elementor-column elementor-col-50 elementor-top-column elementor-element elementor-element-e440f3b\" data-id=\"e440f3b\" data-element_type=\"column\">\n\t\t\t<div class=\"elementor-widget-wrap elementor-element-populated\">\n\t\t\t\t\t\t\t\t<div class=\"elementor-element elementor-element-835a66b elementor-widget elementor-widget-text-editor\" data-id=\"835a66b\" data-element_type=\"widget\" data-widget_type=\"text-editor.default\">\n\t\t\t\t<div class=\"elementor-widget-container\">\n\t\t\t\t\t\t\t<p>Administraci\u00f3n: 8 a 16 hs.<br \/>Caja: 8 a 13 hs.<\/p>\t\t\t\t\t\t<\/div>\n\t\t\t\t<\/div>\n\t\t\t\t\t<\/div>\n\t\t<\/div>\n\t\t\t\t<div class=\"elementor-column elementor-col-50 elementor-top-column elementor-element elementor-element-3afebb6\" data-id=\"3afebb6\" data-element_type=\"column\">\n\t\t\t<div class=\"elementor-widget-wrap elementor-element-populated\">\n\t\t\t\t\t\t\t\t<div class=\"elementor-element elementor-element-03f820c elementor-widget elementor-widget-text-editor\" data-id=\"03f820c\" data-element_type=\"widget\" data-widget_type=\"text-editor.default\">\n\t\t\t\t<div class=\"elementor-widget-container\">\n\t\t\t\t\t\t\t<p>Tel\u00e9fono: 2708 1712 int. 131<br \/>E-mail: <a href=\"mailto:administracion@escuelaintegral.edu.uy\">administracion@escuelaintegral.edu.uy<\/a><\/p>\t\t\t\t\t\t<\/div>\n\t\t\t\t<\/div>\n\t\t\t\t\t<\/div>\n\t\t<\/div>\n\t\t\t\t\t\t\t<\/div>\n\t\t<\/section>\n\t\t\t\t<section class=\"elementor-section elementor-top-section elementor-element elementor-element-527d82a elementor-section-boxed elementor-section-height-default elementor-section-height-default\" data-id=\"527d82a\" data-element_type=\"section\">\n\t\t\t\t\t\t<div class=\"elementor-container elementor-column-gap-default\">\n\t\t\t\t\t<div class=\"elementor-column elementor-col-100 elementor-top-column elementor-element elementor-element-36f3899\" data-id=\"36f3899\" data-element_type=\"column\">\n\t\t\t<div class=\"elementor-widget-wrap elementor-element-populated\">\n\t\t\t\t\t\t\t\t<div class=\"elementor-element elementor-element-780601c elementor-widget elementor-widget-text-editor\" data-id=\"780601c\" data-element_type=\"widget\" data-widget_type=\"text-editor.default\">\n\t\t\t\t<div class=\"elementor-widget-container\">\n\t\t\t\t\t\t\t<p>Escolaridad: 11 cuotas (marzo a enero) + matr\u00edcula<br \/>Escolaridad bonificada: 12 cuotas + matr\u00edcula<br \/>Comedor: 9 \u00bd cuotas (marzo a mitad de diciembre)<br \/>Descuento por hermano: 5% (por cada uno)<br \/>Descuento por exalumno: 10% (hasta nivel 5 de Gan)<br \/>Descuento por Pronto pago: 20% (hasta el 5 de cada mes)<\/p>\t\t\t\t\t\t<\/div>\n\t\t\t\t<\/div>\n\t\t\t\t<div class=\"elementor-element elementor-element-1292c57 elementor-widget elementor-widget-spacer\" data-id=\"1292c57\" data-element_type=\"widget\" data-widget_type=\"spacer.default\">\n\t\t\t\t<div class=\"elementor-widget-container\">\n\t\t\t\t\t<div class=\"elementor-spacer\">\n\t\t\t<div class=\"elementor-spacer-inner\"><\/div>\n\t\t<\/div>\n\t\t\t\t<\/div>\n\t\t\t\t<\/div>\n\t\t\t\t\t<\/div>\n\t\t<\/div>\n\t\t\t\t\t\t\t<\/div>\n\t\t<\/section>\n\t\t\t\t\t\t\t<\/div>\n\t\t","protected":false},"excerpt":{"rendered":"<p>Administraci\u00f3n El pago de las escolaridades se abonan a trav\u00e9s de las siguientes entidades: SCOTIABANK BANCO HSBC \u00a0BANCO ITAU BANCO BBVA Administraci\u00f3n: 8 a 16 hs.Caja: 8 a 13 hs. Tel\u00e9fono: 2708 1712 int. 131E-mail: administracion@escuelaintegral.edu.uy Escolaridad: 11 cuotas (marzo a enero) + matr\u00edculaEscolaridad bonificada: 12 cuotas + matr\u00edculaComedor: 9 \u00bd cuotas (marzo a mitad [&hellip;]<\/p>\n","protected":false},"author":1,"featured_media":0,"parent":0,"menu_order":0,"comment_status":"closed","ping_status":"closed","template":"elementor_header_footer","meta":{"footnotes":""},"class_list":["post-1169","page","type-page","status-publish","hentry"],"_links":{"self":[{"href":"https:\/\/escuelaintegral.uy\/index.php?rest_route=\/wp\/v2\/pages\/1169","targetHints":{"allow":["GET"]}}],"collection":[{"href":"https:\/\/escuelaintegral.uy\/index.php?rest_route=\/wp\/v2\/pages"}],"about":[{"href":"https:\/\/escuelaintegral.uy\/index.php?rest_route=\/wp\/v2\/types\/page"}],"author":[{"embeddable":true,"href":"https:\/\/escuelaintegral.uy\/index.php?rest_route=\/wp\/v2\/users\/1"}],"replies":[{"embeddable":true,"href":"https:\/\/escuelaintegral.uy\/index.php?rest_route=%2Fwp%2Fv2%2Fcomments&post=1169"}],"version-history":[{"count":16,"href":"https:\/\/escuelaintegral.uy\/index.php?rest_route=\/wp\/v2\/pages\/1169\/revisions"}],"predecessor-version":[{"id":1797,"href":"https:\/\/escuelaintegral.uy\/index.php?rest_route=\/wp\/v2\/pages\/1169\/revisions\/1797"}],"wp:attachment":[{"href":"https:\/\/escuelaintegral.uy\/index.php?rest_route=%2Fwp%2Fv2%2Fmedia&parent=1169"}],"curies":[{"name":"wp","href":"https:\/\/api.w.org\/{rel}","templated":true}]}}